{"id":114,"date":"2024-06-26T11:49:22","date_gmt":"2024-06-26T09:49:22","guid":{"rendered":"http:\/\/fp.domingocaceres.es\/?page_id=114"},"modified":"2025-05-14T12:51:12","modified_gmt":"2025-05-14T10:51:12","slug":"matriculate","status":"publish","type":"page","link":"https:\/\/fp.domingocaceres.es\/index.php\/matriculate\/","title":{"rendered":"Matric\u00falate"},"content":{"rendered":"<p>[et_pb_section fb_built=\u00bb1&#8243; admin_label=\u00bbHeader\u00bb _builder_version=\u00bb4.19.2&#8243; _module_preset=\u00bbdefault\u00bb background_color=\u00bb#F8FAFB\u00bb use_background_color_gradient=\u00bbon\u00bb background_color_gradient_stops=\u00bb#ffffff 60%|#f8fafb 60%\u00bb collapsed=\u00bbon\u00bb global_colors_info=\u00bb{}\u00bb theme_builder_area=\u00bbpost_content\u00bb][et_pb_row _builder_version=\u00bb4.19.2&#8243; _module_preset=\u00bbdefault\u00bb global_colors_info=\u00bb{}\u00bb theme_builder_area=\u00bbpost_content\u00bb][et_pb_column type=\u00bb4_4&#8243; _builder_version=\u00bb4.19.2&#8243; _module_preset=\u00bbdefault\u00bb global_colors_info=\u00bb{}\u00bb theme_builder_area=\u00bbpost_content\u00bb][et_pb_text _builder_version=\u00bb4.19.2&#8243; _module_preset=\u00bb454d1884-f044-407b-ad92-d661978e0ef3&#8243; text_orientation=\u00bbcenter\u00bb global_colors_info=\u00bb{}\u00bb theme_builder_area=\u00bbpost_content\u00bb]<\/p>\n<h1>Matric\u00falate<\/h1>\n<p>&nbsp;<\/p>\n<p>[\/et_pb_text][\/et_pb_column][\/et_pb_row][et_pb_row make_equal=\u00bbon\u00bb _builder_version=\u00bb4.27.3&#8243; _module_preset=\u00bbdefault\u00bb background_color=\u00bb#1F2228&#8243; custom_padding=\u00bb0px||0px||true|false\u00bb hover_enabled=\u00bb0&#8243; border_radii=\u00bbon|15px|15px|15px|15px\u00bb global_colors_info=\u00bb{}\u00bb theme_builder_area=\u00bbpost_content\u00bb sticky_enabled=\u00bb0&#8243;][et_pb_column type=\u00bb4_4&#8243; _builder_version=\u00bb4.19.2&#8243; _module_preset=\u00bbdefault\u00bb background_color=\u00bb#4449E0&#8243; custom_padding=\u00bb60px|60px|60px|60px|true|true\u00bb custom_padding_tablet=\u00bb30px|30px|30px|30px|true|true\u00bb custom_padding_phone=\u00bb20px|20px|20px|20px|true|true\u00bb custom_padding_last_edited=\u00bbon|tablet\u00bb global_colors_info=\u00bb{}\u00bb theme_builder_area=\u00bbpost_content\u00bb][et_pb_text _builder_version=\u00bb4.27.3&#8243; _module_preset=\u00bbe76b20fd-9c39-4550-a17f-b055f92c5a90&#8243; header_2_text_color=\u00bb#FFFFFF\u00bb custom_margin=\u00bb||30px||false|false\u00bb hover_enabled=\u00bb0&#8243; global_colors_info=\u00bb{}\u00bb theme_builder_area=\u00bbpost_content\u00bb sticky_enabled=\u00bb0&#8243; link_option_url=\u00bbhttps:\/\/domingocaceres.es\/\u00bb header_text_color=\u00bb#FFFFFF\u00bb text_text_color=\u00bb#FFFFFF\u00bb]<\/p>\n<h2 style=\"text-align: center;\">INFORMACI\u00d3N<\/h2>\n<p style=\"text-align: center;\">(Pincha aqu\u00ed)<\/p>\n<p>[\/et_pb_text][\/et_pb_column][\/et_pb_row][\/et_pb_section]<\/p>\n","protected":false},"excerpt":{"rendered":"<p>Matric\u00falate &nbsp;INFORMACI\u00d3N (Pincha aqu\u00ed)<\/p>\n","protected":false},"author":1,"featured_media":0,"parent":0,"menu_order":0,"comment_status":"closed","ping_status":"closed","template":"","meta":{"_et_pb_use_builder":"on","_et_pb_old_content":"","_et_gb_content_width":"","footnotes":""},"class_list":["post-114","page","type-page","status-publish","hentry"],"_links":{"self":[{"href":"https:\/\/fp.domingocaceres.es\/index.php\/wp-json\/wp\/v2\/pages\/114","targetHints":{"allow":["GET"]}}],"collection":[{"href":"https:\/\/fp.domingocaceres.es\/index.php\/wp-json\/wp\/v2\/pages"}],"about":[{"href":"https:\/\/fp.domingocaceres.es\/index.php\/wp-json\/wp\/v2\/types\/page"}],"author":[{"embeddable":true,"href":"https:\/\/fp.domingocaceres.es\/index.php\/wp-json\/wp\/v2\/users\/1"}],"replies":[{"embeddable":true,"href":"https:\/\/fp.domingocaceres.es\/index.php\/wp-json\/wp\/v2\/comments?post=114"}],"version-history":[{"count":4,"href":"https:\/\/fp.domingocaceres.es\/index.php\/wp-json\/wp\/v2\/pages\/114\/revisions"}],"predecessor-version":[{"id":491,"href":"https:\/\/fp.domingocaceres.es\/index.php\/wp-json\/wp\/v2\/pages\/114\/revisions\/491"}],"wp:attachment":[{"href":"https:\/\/fp.domingocaceres.es\/index.php\/wp-json\/wp\/v2\/media?parent=114"}],"curies":[{"name":"wp","href":"https:\/\/api.w.org\/{rel}","templated":true}]}}