{"id":43,"date":"2024-06-25T22:42:48","date_gmt":"2024-06-25T20:42:48","guid":{"rendered":"http:\/\/fp.domingocaceres.es\/?page_id=43"},"modified":"2025-06-05T13:14:05","modified_gmt":"2025-06-05T11:14:05","slug":"oferta-on-line","status":"publish","type":"page","link":"https:\/\/fp.domingocaceres.es\/index.php\/oferta-on-line\/","title":{"rendered":"Oferta On Line"},"content":{"rendered":"<p>[et_pb_section fb_built=\u00bb1&#8243; admin_label=\u00bbHeader\u00bb _builder_version=\u00bb4.19.2&#8243; _module_preset=\u00bbdefault\u00bb background_color=\u00bb#4449E0&#8243; custom_padding=\u00bb||0px||false|false\u00bb collapsed=\u00bbon\u00bb global_colors_info=\u00bb{}\u00bb][et_pb_row _builder_version=\u00bb4.19.2&#8243; _module_preset=\u00bbdefault\u00bb max_width=\u00bb700px\u00bb global_colors_info=\u00bb{}\u00bb][et_pb_column type=\u00bb4_4&#8243; _builder_version=\u00bb4.19.2&#8243; _module_preset=\u00bbdefault\u00bb global_colors_info=\u00bb{}\u00bb][et_pb_text _builder_version=\u00bb4.19.2&#8243; _module_preset=\u00bb83622656-1090-4450-b412-fd1a29ced200&#8243; header_text_color=\u00bb#FFFFFF\u00bb text_orientation=\u00bbcenter\u00bb global_colors_info=\u00bb{}\u00bb]<\/p>\n<h1>OFERTA ONLINE\u00a0 @AVANZA<\/h1>\n<p>&nbsp;<\/p>\n<p>[\/et_pb_text][\/et_pb_column][\/et_pb_row][\/et_pb_section][et_pb_section fb_built=\u00bb1&#8243; admin_label=\u00bbCourses\u00bb _builder_version=\u00bb4.19.2&#8243; _module_preset=\u00bbdefault\u00bb background_color=\u00bb#F8FAFB\u00bb use_background_color_gradient=\u00bbon\u00bb background_color_gradient_stops=\u00bb#4449e0 20%|#f8fafb 20%\u00bb locked=\u00bboff\u00bb collapsed=\u00bbon\u00bb global_colors_info=\u00bb{}\u00bb][et_pb_row column_structure=\u00bb1_2,1_2&#8243; custom_padding_last_edited=\u00bbon|tablet\u00bb _builder_version=\u00bb4.19.2&#8243; _module_preset=\u00bbdefault\u00bb custom_margin=\u00bb|auto|60px|auto||\u00bb custom_padding=\u00bb||34px|||\u00bb custom_padding_tablet=\u00bb||0px||false|false\u00bb custom_padding_phone=\u00bb||0px||false|false\u00bb global_colors_info=\u00bb{}\u00bb][et_pb_column type=\u00bb1_2&#8243; _builder_version=\u00bb4.19.2&#8243; _module_preset=\u00bbdefault\u00bb background_color=\u00bb#FFFFFF\u00bb custom_padding=\u00bb20px|20px|20px|20px|true|true\u00bb border_radii=\u00bbon|15px|15px|15px|15px\u00bb global_colors_info=\u00bb{}\u00bb][et_pb_image src=\u00bbhttps:\/\/fp.domingocaceres.es\/wp-content\/uploads\/2024\/10\/55873-scaled.jpg\u00bb title_text=\u00bbpeople online buying\u00bb align=\u00bbcenter\u00bb _builder_version=\u00bb4.27.3&#8243; _module_preset=\u00bbdefault\u00bb background_color=\u00bb#F8FAFB\u00bb max_height=\u00bb200px\u00bb custom_padding=\u00bb20px|20px|20px|20px|true|true\u00bb global_colors_info=\u00bb{}\u00bb][\/et_pb_image][et_pb_text _builder_version=\u00bb4.27.3&#8243; _module_preset=\u00bb09968ebd-d8b9-48f6-9f48-80c3ed788c76&#8243; custom_margin=\u00bb||0px||false|false\u00bb global_colors_info=\u00bb{}\u00bb]<\/p>\n<h3 style=\"text-align: center;\">GESTI\u00d3N DE VENTAS Y ESPACIOS COMERCIALES<\/h3>\n<p>[\/et_pb_text][et_pb_text _builder_version=\u00bb4.19.2&#8243; _module_preset=\u00bbd80e9db7-59d0-4c5a-8116-6caf9a97c99a\u00bb global_colors_info=\u00bb{}\u00bb]<\/p>\n<p>Desarrollado a trav\u00e9s del Proyecto Educativo @Avanza<\/p>\n<p>Entorno Virtual de Aprendizaje, contando con los Docentes del IES Maestro Domingo C\u00e1ceres\u00a0\u00a0<\/p>\n<p>[\/et_pb_text][et_pb_text _builder_version=\u00bb4.27.4&#8243; _module_preset=\u00bb22c258c6-cc6e-4710-ba88-02a5e8f99240&#8243; link_option_url=\u00bbhttps:\/\/www.educarex.es\/eda\/admision-matricula.html\u00bb hover_enabled=\u00bb0&#8243; global_colors_info=\u00bb{}\u00bb sticky_enabled=\u00bb0&#8243;]<\/p>\n<p style=\"text-align: center;\">PINCHA AQU\u00cd PARA VER LAS Normas de admisi\u00f3n de @Avanza<\/p>\n<p>[\/et_pb_text][et_pb_text _builder_version=\u00bb4.27.3&#8243; _module_preset=\u00bbdefault\u00bb custom_padding=\u00bb||0px|||\u00bb global_colors_info=\u00bb{}\u00bb]<\/p>\n<p>Tel\u00e9fono de contacto: 924 43 66 00<\/p>\n<p>Email: avanzacoordinaciongvec@gmail.com<\/p>\n<p>&nbsp;<\/p>\n<p>[\/et_pb_text][\/et_pb_column][et_pb_column type=\u00bb1_2&#8243; _builder_version=\u00bb4.19.2&#8243; _module_preset=\u00bbdefault\u00bb background_color=\u00bb#FFFFFF\u00bb custom_padding=\u00bb20px|20px|20px|20px|true|true\u00bb border_radii=\u00bbon|15px|15px|15px|15px\u00bb global_colors_info=\u00bb{}\u00bb][et_pb_image src=\u00bbhttps:\/\/fp.domingocaceres.es\/wp-content\/uploads\/2024\/10\/6223846.jpg\u00bb title_text=\u00bb6223846&#8243; align=\u00bbcenter\u00bb _builder_version=\u00bb4.27.3&#8243; _module_preset=\u00bbdefault\u00bb background_color=\u00bb#F8FAFB\u00bb max_height=\u00bb200px\u00bb custom_padding=\u00bb20px|20px|20px|20px|true|true\u00bb locked=\u00bboff\u00bb global_colors_info=\u00bb{}\u00bb][\/et_pb_image][et_pb_text _builder_version=\u00bb4.27.3&#8243; _module_preset=\u00bb09968ebd-d8b9-48f6-9f48-80c3ed788c76&#8243; custom_margin=\u00bb||0px||false|false\u00bb global_colors_info=\u00bb{}\u00bb]<\/p>\n<h3 style=\"text-align: center;\"><\/h3>\n<h3 style=\"text-align: center;\">TRANSPORTE Y LOG\u00cdSTICA<\/h3>\n<p>&nbsp;<\/p>\n<p>[\/et_pb_text][et_pb_text _builder_version=\u00bb4.27.3&#8243; _module_preset=\u00bbd80e9db7-59d0-4c5a-8116-6caf9a97c99a\u00bb global_colors_info=\u00bb{}\u00bb]<\/p>\n<p>Desarrollado a trav\u00e9s del Proyecto Educativo @Avanza<\/p>\n<p>Entorno Virtual de Aprendizaje, contando con los Docentes del IES Maestro Domingo C\u00e1ceres\u00a0\u00a0<\/p>\n<p>[\/et_pb_text][et_pb_text _builder_version=\u00bb4.27.4&#8243; _module_preset=\u00bb22c258c6-cc6e-4710-ba88-02a5e8f99240&#8243; link_option_url=\u00bbhttps:\/\/www.educarex.es\/eda\/admision-matricula.html\u00bb hover_enabled=\u00bb0&#8243; global_colors_info=\u00bb{}\u00bb sticky_enabled=\u00bb0&#8243;]<\/p>\n<p style=\"text-align: center;\">PINCHA AQU\u00cd PARA VER LAS NORMAS DE ADMISI\u00d3N DE @AVANZA<\/p>\n<p>[\/et_pb_text][et_pb_text _builder_version=\u00bb4.27.3&#8243; _module_preset=\u00bbdefault\u00bb custom_padding=\u00bb||0px|||\u00bb global_colors_info=\u00bb{}\u00bb]<\/p>\n<p>Tel\u00e9fono de contacto: 924 43 66 00<\/p>\n<p>Email: avanzacoordinaciontyl@gmail.com<\/p>\n<p>&nbsp;<\/p>\n<p>[\/et_pb_text][\/et_pb_column][\/et_pb_row][\/et_pb_section][et_pb_section fb_built=\u00bb1&#8243; admin_label=\u00bbCall to Action\u00bb _builder_version=\u00bb4.27.3&#8243; _module_preset=\u00bbdefault\u00bb background_color=\u00bb#43b766&#8243; saved_tabs=\u00bball\u00bb locked=\u00bboff\u00bb collapsed=\u00bbon\u00bb global_colors_info=\u00bb{}\u00bb][et_pb_row _builder_version=\u00bb4.19.2&#8243; _module_preset=\u00bbdefault\u00bb max_width=\u00bb700px\u00bb locked=\u00bboff\u00bb global_colors_info=\u00bb{}\u00bb][et_pb_column type=\u00bb4_4&#8243; _builder_version=\u00bb4.19.2&#8243; _module_preset=\u00bbdefault\u00bb global_colors_info=\u00bb{}\u00bb][et_pb_button button_url=\u00bbhttps:\/\/domingocaceres.es\/faq-vanza\/\u00bb button_text=\u00bbFAQ @AVANZA\u00bb button_alignment=\u00bbcenter\u00bb _builder_version=\u00bb4.27.3&#8243; _module_preset=\u00bb0c80d63e-4e14-42a6-b389-879396c7f519&#8243; global_colors_info=\u00bb{}\u00bb][\/et_pb_button][et_pb_text _builder_version=\u00bb4.19.2&#8243; _module_preset=\u00bbf2107499-377d-42c7-a433-d598a1fa66be\u00bb header_2_text_color=\u00bb#FFFFFF\u00bb z_index=\u00bb12&#8243; text_orientation=\u00bbcenter\u00bb locked=\u00bboff\u00bb global_colors_info=\u00bb{}\u00bb]<\/p>\n<h2>Preguntas y Respuestas Frecuentes<\/h2>\n<p>[\/et_pb_text][\/et_pb_column][\/et_pb_row][\/et_pb_section][et_pb_section fb_built=\u00bb1&#8243; admin_label=\u00bbCall to Action\u00bb _builder_version=\u00bb4.27.3&#8243; _module_preset=\u00bbdefault\u00bb background_color=\u00bb#448fba\u00bb saved_tabs=\u00bball\u00bb locked=\u00bboff\u00bb collapsed=\u00bbon\u00bb global_colors_info=\u00bb{}\u00bb][et_pb_row _builder_version=\u00bb4.19.2&#8243; _module_preset=\u00bbdefault\u00bb max_width=\u00bb700px\u00bb locked=\u00bboff\u00bb global_colors_info=\u00bb{}\u00bb][et_pb_column type=\u00bb4_4&#8243; _builder_version=\u00bb4.19.2&#8243; _module_preset=\u00bbdefault\u00bb global_colors_info=\u00bb{}\u00bb][et_pb_button button_url=\u00bbhttps:\/\/avanza.educarex.es\/\u00bb button_text=\u00bbSABER M\u00c1S SOBRE AVANZA\u00bb button_alignment=\u00bbcenter\u00bb _builder_version=\u00bb4.27.3&#8243; _module_preset=\u00bb0c80d63e-4e14-42a6-b389-879396c7f519&#8243; global_colors_info=\u00bb{}\u00bb][\/et_pb_button][et_pb_text _builder_version=\u00bb4.19.2&#8243; _module_preset=\u00bbf2107499-377d-42c7-a433-d598a1fa66be\u00bb header_2_text_color=\u00bb#FFFFFF\u00bb z_index=\u00bb12&#8243; text_orientation=\u00bbcenter\u00bb locked=\u00bboff\u00bb global_colors_info=\u00bb{}\u00bb]<\/p>\n<h2>@AVANZA<\/h2>\n<p>[\/et_pb_text][\/et_pb_column][\/et_pb_row][\/et_pb_section]<\/p>\n","protected":false},"excerpt":{"rendered":"<p>OFERTA ONLINE\u00a0 @AVANZA &nbsp;GESTI\u00d3N DE VENTAS Y ESPACIOS COMERCIALESDesarrollado a trav\u00e9s del Proyecto Educativo @Avanza Entorno Virtual de Aprendizaje, contando con los Docentes del IES Maestro Domingo C\u00e1ceres\u00a0\u00a0PINCHA AQU\u00cd PARA VER LAS Normas de admisi\u00f3n de @AvanzaTel\u00e9fono de contacto: 924 43 66 00 Email: avanzacoordinaciongvec@gmail.com &nbsp; TRANSPORTE Y LOG\u00cdSTICA &nbsp;Desarrollado a trav\u00e9s del Proyecto Educativo [&hellip;]<\/p>\n","protected":false},"author":1,"featured_media":0,"parent":0,"menu_order":0,"comment_status":"closed","ping_status":"closed","template":"","meta":{"_et_pb_use_builder":"on","_et_pb_old_content":"","_et_gb_content_width":"","footnotes":""},"class_list":["post-43","page","type-page","status-publish","hentry"],"_links":{"self":[{"href":"https:\/\/fp.domingocaceres.es\/index.php\/wp-json\/wp\/v2\/pages\/43","targetHints":{"allow":["GET"]}}],"collection":[{"href":"https:\/\/fp.domingocaceres.es\/index.php\/wp-json\/wp\/v2\/pages"}],"about":[{"href":"https:\/\/fp.domingocaceres.es\/index.php\/wp-json\/wp\/v2\/types\/page"}],"author":[{"embeddable":true,"href":"https:\/\/fp.domingocaceres.es\/index.php\/wp-json\/wp\/v2\/users\/1"}],"replies":[{"embeddable":true,"href":"https:\/\/fp.domingocaceres.es\/index.php\/wp-json\/wp\/v2\/comments?post=43"}],"version-history":[{"count":9,"href":"https:\/\/fp.domingocaceres.es\/index.php\/wp-json\/wp\/v2\/pages\/43\/revisions"}],"predecessor-version":[{"id":576,"href":"https:\/\/fp.domingocaceres.es\/index.php\/wp-json\/wp\/v2\/pages\/43\/revisions\/576"}],"wp:attachment":[{"href":"https:\/\/fp.domingocaceres.es\/index.php\/wp-json\/wp\/v2\/media?parent=43"}],"curies":[{"name":"wp","href":"https:\/\/api.w.org\/{rel}","templated":true}]}}